{"id":1924,"date":"2020-03-26T14:56:28","date_gmt":"2020-03-26T12:56:28","guid":{"rendered":"http:\/\/starcard.md\/%d0%bf%d0%be%d0%bb%d0%b8%d1%82%d0%b8%d0%ba%d0%b0-cookies\/"},"modified":"2020-11-20T09:54:50","modified_gmt":"2020-11-20T07:54:50","slug":"%d0%bf%d0%be%d0%bb%d0%b8%d1%82%d0%b8%d0%ba%d0%b0-cookies","status":"publish","type":"page","link":"https:\/\/starcard.md\/ru\/%d0%bf%d0%be%d0%bb%d0%b8%d1%82%d0%b8%d0%ba%d0%b0-cookies\/","title":{"rendered":"\u041f\u043e\u043b\u0438\u0442\u0438\u043a\u0430 Cookies"},"content":{"rendered":"\n<p><strong><span class=\"has-inline-color has-vivid-cyan-blue-color\">Politica cookies<\/span><\/strong><\/p>\n\n<p>Website-ul www.starcard.md este pagina de internet a B.C. Victoriabank S.A (denumit\u0103 \u00een continuare \u201cBanca\u201d), \u00eenregistrat la Banc\u0103 Na\u021bional\u0103 a Moldovei la data 14.06.2001, num\u0103r de identificare de stat 1002600001338, cu sediul \u00een mun. Chi\u0219in\u0103u, str. 31 August 1989, 141.<\/p>\n\n<p>Website-ul starcard.md este proprietatea B.C. Victoriabank S.A \u0219i utilizeaz\u0103 cookies.<\/p>\n\n<p>Informa\u021biile prezentate \u00een continuare au scopul de a v\u0103 aduce la cuno\u0219tin\u021b\u0103 detalii despre ce sunt cookies, precum \u0219i despre pl\u0103sarea \u0219i utilizarea acestora de website-ul starcard.md.<\/p>\n\n<p>\u00cen cazul \u00een care ave\u021bi nevoie de mai multe informa\u021bii despre cookies, iar acestea nu se regasesc \u00een prezenta Politica, ne pute\u021bi scrie la adresa de e-mail <a href=\"mailto:feedback@vb.md\">feedback@vb.md<\/a>\u00a0 sau pute\u021bi apela numarul de telefon al serviciului Feedback +373 22 57 64 57. \u00cen leg\u0103tura cu prelucrarea datelor cu caracter personal \u00een contextul utiliz\u0103rii cookies, ave\u021bi posibilitatea s\u0103 contacta\u021bi \u0219i responsabilul cu protectia datelor (DCP) desemnat de Banca, la adresa de e-mail <a href=\"mailto:dcp@vb.md\">dcp@vb.md<\/a>.<\/p>\n\n<p><strong>Ce este un &#171;cookie&#187;?<\/strong><\/p>\n\n<p>Un &#171;Internet Cookie&#187; (termen cunoscut \u0219i ca &#171;browser cookie&#187; , &#171;HTTP cookie&#187; sau pur \u0219i simplu &#171;cookie&#187;) este un fi\u0219ier de mici dimensiuni, format din litere \u0219i numere, care va fi stocat pe calculator, telefon mobil sau alte dispozitive.<\/p>\n\n<p>Un cookie este instalat prin solicitarea emisa de catre un web-server unui browser (ex: Internet Explorer, Chrome) \u0219i, \u00een ciuda faptului ca este stocat pe dispozitiv, utilizat pentru accesarea paginilor de internet, nu poate accesa alte informa\u021bii aflate \u00een respectivul dispozitiv \u0219i nu poate con\u021bine programe software, viru\u0219i sau spyware.<\/p>\n\n<p>Cookie-ul stocheaz\u0103 informa\u021bii importante care \u00eembun\u0103t\u0103\u021besc experien\u021ba de navigare pe Internet (ex: set\u0103rile limbii \u00een care se dore\u0219te accesarea unui site).<\/p>\n\n<p>\u00cen cele mai multe cazuri cookies nu prelucreaz\u0103 date cu caracter personal \u00een cazul \u00een care sunt utilizate \u0219i nu identific\u0103 utilizatorii paginilor de internet.<\/p>\n\n<p><strong>Care sunt principalele categorii de cookies?<\/strong><\/p>\n\n<p>Din punct de vedere al duratei existen\u021bei lor, exist\u0103 doua categorii de cookies:<\/p>\n\n<p>Cookies de sesiune: acestea sunt stocate temporar \u00een dosarul de cookies al browserului web pentru ca acesta sa le memoreze p\u00e2n\u0103 c\u00e2nd utilizatorul p\u0103r\u0103se\u0219te respectivul website sau inchide fereastra browserului.<\/p>\n\n<p>Cookies permanente\/persistente: Aceste tipuri de cookies sunt stocate pe hard-drive-ul echipamentului utilizat pentru accesarea unui website \u0219i nu sunt \u0219terse atunci c\u00e2nd sesiunea de navigare este \u00eenchis\u0103. Ele sunt re\u021binute \u0219i refolosite de fiecare dat\u0103 c\u00eend utilizatorul revine pe acel website, \u00eensa pot fi \u0219terse oric\u00e2nd de utiliz\u0103tor, av\u00e2nd \u0219i perioade de valabilitate predefinite.<\/p>\n\n<p>Din punct de vedere al scopurilor pentru care cookies sunt pl\u0103sate, de regul\u0103 exist\u0103 urm\u0103toarele categorii de cookies: strict necesare, pentru analiz\u0103 \u0219i imbun\u0103t\u0103\u021birea performan\u021bei website-urilor, func\u021bionale \u0219i de promovare (targetare \u0219i publicitate).<\/p>\n\n<p><strong>Ce tipuri de cookies folose\u0219te website-ul starcard.md?<\/strong><\/p>\n\n<p>Website-ul starcard.md utilizeaz\u0103 cookies de sesiune \u0219i permanente, \u00een urm\u0103toarele scopuri:<\/p>\n\n<p><strong>Cookies strict necesare<\/strong><\/p>\n\n<p>Aceste cookies sunt necesare pentru func\u021bionarea website-ului \u0219i nu pot fi dezactivate \u00een sistemele noastre. Acestea sunt, de obicei, stabilite numai ca raspuns la ac\u021biunile efectuate de vizit\u0103torii acestui website, prin care ace\u0219tia solicit\u0103 diverse servicii, cum ar fi setarea preferin\u021belor de confiden\u021bialitate, autentificarea sau completarea formularelor. \u00cen browser-ul pe care \u00eel folosesc, vizit\u0103torii (utilizatorii) pot seta blocarea sau primirea unui avertisment \u00een leg\u0103tura cu aceste cookies, dar \u00een acest caz, anumite p\u0103r\u021bi ale site-ului pot s\u0103 nu func\u021bioneze. Aceste tipuri de cookies sunt exceptate de la regula ob\u021binerii consim\u021b\u0103m\u00e2ntului pentru plasarea lor.<\/p>\n\n<p><strong>Cookie de promovare<\/strong><\/p>\n\n<p>Acest cookie este folosit pentru a servi publicitate contextual\u0103 \u0219i comportamental\u0103 catre utilizatori.<\/p>\n\n<p>Pentru a-\u021bi oferi o mai buna experien\u021b\u0103 online, folosim serviciile prezentate mai jos, \u00eens\u0103 aceasta lista este deschis\u0103.<\/p>\n\n<p>Google Analytics, un serviciu de analiza a traficului detinut de Google, Inc., \u0219i implicit cookies. Categorii de cookies folosite: de performanta a site-ului, de analiza a vizitatorilor, de retargeting \u0219i publicitate. Aceste cookies nu colecteaz\u0103 date cu caracter personal \u0219i nu identific\u0103 personal vizit\u0103torii site-ului, ci sunt folosite pentru a va putea oferi con\u021binut adaptat preferintelor dvs. pe parcursul navig\u0103rii pe Internet. Pentru vizualizarea Google Analytics \u201cTerms of Service\u201d, va rug\u0103m s\u0103 accesa\u021bi linkul <a href=\"http:\/\/www.google.com\/analytics\/tos.html\">http:\/\/www.google.com\/analytics\/tos.html<\/a>.<\/p>\n\n<p><strong>Cum pute\u021bi controla cookies?<\/strong><\/p>\n\n<p>Pute\u021bi seta \u0219i browserul pe care \u00eel utiliza\u021bi s\u0103 blocheze orice tipuri de cookies, inclusiv cele necesare. V\u0103 atragem \u00eens\u0103 aten\u021bia c\u0103, \u00eentr-o asemenea situa\u021bie, website-urile pe care le vizita\u021bi (inclusive websiteul starcard.md) ar putea s\u0103 nu func\u021bioneze \u00een mod corespunz\u0103tor. De asemenea, dezactivarea \u0219i a altor tipuri de cookies (decat cele necesare) ar putea sa afecteze func\u021bionarea sau experien\u021ba dumneavoastr\u0103 la utilizarea website-ului.<\/p>\n\n<p>Pentru a evita atacuri informatice bazate pe cookies v\u0103 recomand\u0103m s\u0103 v\u0103 asigura\u021bi ca versiunea browser-ului pe care \u00eel utiliza\u021bi este mereu actualizat\u0103.<\/p>\n\n<p>Datele colectate de cookies sunt \u00een general anonime. \u00cen cazurile \u00een care cookies prelucreaz\u0103 date cu caracter personal, beneficia\u021bi de drepturile prev\u0103zute \u00een Politica de condifen\u021bialitate.<\/p>\n","protected":false},"excerpt":{"rendered":"<p>Politica cookies Website-ul www.starcard.md este pagina de internet a B.C. Victoriabank S.A (denumit\u0103 \u00een continuare \u201cBanca\u201d), \u00eenregistrat la Banc\u0103 Na\u021bional\u0103 a Moldovei la data 14.06.2001, num\u0103r de identificare de stat 1002600001338, cu sediul \u00een mun. Chi\u0219in\u0103u, str. 31 August 1989, 141. Website-ul starcard.md este proprietatea B.C. Victoriabank S.A \u0219i utilizeaz\u0103 cookies. Informa\u021biile prezentate \u00een continuare [&hellip;]<\/p>\n","protected":false},"author":3,"featured_media":0,"parent":0,"menu_order":0,"comment_status":"closed","ping_status":"closed","template":"","meta":[],"yoast_head":"<!-- This site is optimized with the Yoast SEO plugin v18.6 - https:\/\/yoast.com\/wordpress\/plugins\/seo\/ -->\n<title>\u041f\u043e\u043b\u0438\u0442\u0438\u043a\u0430 Cookies &ndash; STAR Card<\/title>\n<meta name=\"robots\" content=\"index, follow, max-snippet:-1, max-image-preview:large, max-video-preview:-1\" \/>\n<link rel=\"canonical\" href=\"https:\/\/starcard.md\/ru\/\u043f\u043e\u043b\u0438\u0442\u0438\u043a\u0430-cookies\/\" \/>\n<meta property=\"og:locale\" content=\"ru_RU\" \/>\n<meta property=\"og:type\" content=\"article\" \/>\n<meta property=\"og:title\" content=\"\u041f\u043e\u043b\u0438\u0442\u0438\u043a\u0430 Cookies &ndash; STAR Card\" \/>\n<meta property=\"og:description\" content=\"Politica cookies Website-ul www.starcard.md este pagina de internet a B.C. Victoriabank S.A (denumit\u0103 \u00een continuare \u201cBanca\u201d), \u00eenregistrat la Banc\u0103 Na\u021bional\u0103 a Moldovei la data 14.06.2001, num\u0103r de identificare de stat 1002600001338, cu sediul \u00een mun. Chi\u0219in\u0103u, str. 31 August 1989, 141. Website-ul starcard.md este proprietatea B.C. Victoriabank S.A \u0219i utilizeaz\u0103 cookies. Informa\u021biile prezentate \u00een continuare [&hellip;]\" \/>\n<meta property=\"og:url\" content=\"https:\/\/starcard.md\/ru\/\u043f\u043e\u043b\u0438\u0442\u0438\u043a\u0430-cookies\/\" \/>\n<meta property=\"og:site_name\" content=\"STAR Card\" \/>\n<meta property=\"article:publisher\" content=\"https:\/\/www.facebook.com\/VictoriabankMD\/\" \/>\n<meta property=\"article:modified_time\" content=\"2020-11-20T07:54:50+00:00\" \/>\n<meta name=\"twitter:card\" content=\"summary_large_image\" \/>\n<meta name=\"twitter:site\" content=\"@victoriabankmd\" \/>\n<meta name=\"twitter:label1\" content=\"\u041f\u0440\u0438\u043c\u0435\u0440\u043d\u043e\u0435 \u0432\u0440\u0435\u043c\u044f \u0434\u043b\u044f \u0447\u0442\u0435\u043d\u0438\u044f\" \/>\n\t<meta name=\"twitter:data1\" content=\"4 \u043c\u0438\u043d\u0443\u0442\u044b\" \/>\n<script type=\"application\/ld+json\" class=\"yoast-schema-graph\">{\"@context\":\"https:\/\/schema.org\",\"@graph\":[{\"@type\":\"Organization\",\"@id\":\"https:\/\/starcard.md\/#organization\",\"name\":\"B.C. Victoriabank S.A.\",\"url\":\"https:\/\/starcard.md\/\",\"sameAs\":[\"https:\/\/www.facebook.com\/VictoriabankMD\/\",\"https:\/\/www.instagram.com\/victoriabank.md\/?hl=en\",\"https:\/\/www.linkedin.com\/company\/victoriabank\",\"https:\/\/www.youtube.com\/user\/VictoriaBankMoldova\",\"https:\/\/twitter.com\/victoriabankmd\"],\"logo\":{\"@type\":\"ImageObject\",\"@id\":\"https:\/\/starcard.md\/#logo\",\"inLanguage\":\"ru-RU\",\"url\":\"https:\/\/starcard.md\/wp-content\/uploads\/2020\/08\/VB-cmyk-01.png\",\"contentUrl\":\"https:\/\/starcard.md\/wp-content\/uploads\/2020\/08\/VB-cmyk-01.png\",\"width\":2091,\"height\":486,\"caption\":\"B.C. Victoriabank S.A.\"},\"image\":{\"@id\":\"https:\/\/starcard.md\/#logo\"}},{\"@type\":\"WebSite\",\"@id\":\"https:\/\/starcard.md\/#website\",\"url\":\"https:\/\/starcard.md\/\",\"name\":\"STAR Card\",\"description\":\"Cardul t\u0103u de cump\u0103r\u0103turi\",\"publisher\":{\"@id\":\"https:\/\/starcard.md\/#organization\"},\"potentialAction\":[{\"@type\":\"SearchAction\",\"target\":{\"@type\":\"EntryPoint\",\"urlTemplate\":\"https:\/\/starcard.md\/?s={search_term_string}\"},\"query-input\":\"required name=search_term_string\"}],\"inLanguage\":\"ru-RU\"},{\"@type\":\"WebPage\",\"@id\":\"https:\/\/starcard.md\/ru\/%d0%bf%d0%be%d0%bb%d0%b8%d1%82%d0%b8%d0%ba%d0%b0-cookies\/#webpage\",\"url\":\"https:\/\/starcard.md\/ru\/%d0%bf%d0%be%d0%bb%d0%b8%d1%82%d0%b8%d0%ba%d0%b0-cookies\/\",\"name\":\"\u041f\u043e\u043b\u0438\u0442\u0438\u043a\u0430 Cookies &ndash; STAR Card\",\"isPartOf\":{\"@id\":\"https:\/\/starcard.md\/#website\"},\"datePublished\":\"2020-03-26T12:56:28+00:00\",\"dateModified\":\"2020-11-20T07:54:50+00:00\",\"breadcrumb\":{\"@id\":\"https:\/\/starcard.md\/ru\/%d0%bf%d0%be%d0%bb%d0%b8%d1%82%d0%b8%d0%ba%d0%b0-cookies\/#breadcrumb\"},\"inLanguage\":\"ru-RU\",\"potentialAction\":[{\"@type\":\"ReadAction\",\"target\":[\"https:\/\/starcard.md\/ru\/%d0%bf%d0%be%d0%bb%d0%b8%d1%82%d0%b8%d0%ba%d0%b0-cookies\/\"]}]},{\"@type\":\"BreadcrumbList\",\"@id\":\"https:\/\/starcard.md\/ru\/%d0%bf%d0%be%d0%bb%d0%b8%d1%82%d0%b8%d0%ba%d0%b0-cookies\/#breadcrumb\",\"itemListElement\":[{\"@type\":\"ListItem\",\"position\":1,\"name\":\"Prima pagin\u0103\",\"item\":\"https:\/\/starcard.md\/\"},{\"@type\":\"ListItem\",\"position\":2,\"name\":\"\u041f\u043e\u043b\u0438\u0442\u0438\u043a\u0430 Cookies\"}]}]}<\/script>\n<!-- \/ Yoast SEO plugin. -->","yoast_head_json":{"title":"\u041f\u043e\u043b\u0438\u0442\u0438\u043a\u0430 Cookies &ndash; STAR Card","robots":{"index":"index","follow":"follow","max-snippet":"max-snippet:-1","max-image-preview":"max-image-preview:large","max-video-preview":"max-video-preview:-1"},"canonical":"https:\/\/starcard.md\/ru\/\u043f\u043e\u043b\u0438\u0442\u0438\u043a\u0430-cookies\/","og_locale":"ru_RU","og_type":"article","og_title":"\u041f\u043e\u043b\u0438\u0442\u0438\u043a\u0430 Cookies &ndash; STAR Card","og_description":"Politica cookies Website-ul www.starcard.md este pagina de internet a B.C. Victoriabank S.A (denumit\u0103 \u00een continuare \u201cBanca\u201d), \u00eenregistrat la Banc\u0103 Na\u021bional\u0103 a Moldovei la data 14.06.2001, num\u0103r de identificare de stat 1002600001338, cu sediul \u00een mun. Chi\u0219in\u0103u, str. 31 August 1989, 141. Website-ul starcard.md este proprietatea B.C. Victoriabank S.A \u0219i utilizeaz\u0103 cookies. Informa\u021biile prezentate \u00een continuare [&hellip;]","og_url":"https:\/\/starcard.md\/ru\/\u043f\u043e\u043b\u0438\u0442\u0438\u043a\u0430-cookies\/","og_site_name":"STAR Card","article_publisher":"https:\/\/www.facebook.com\/VictoriabankMD\/","article_modified_time":"2020-11-20T07:54:50+00:00","twitter_card":"summary_large_image","twitter_site":"@victoriabankmd","twitter_misc":{"\u041f\u0440\u0438\u043c\u0435\u0440\u043d\u043e\u0435 \u0432\u0440\u0435\u043c\u044f \u0434\u043b\u044f \u0447\u0442\u0435\u043d\u0438\u044f":"4 \u043c\u0438\u043d\u0443\u0442\u044b"},"schema":{"@context":"https:\/\/schema.org","@graph":[{"@type":"Organization","@id":"https:\/\/starcard.md\/#organization","name":"B.C. Victoriabank S.A.","url":"https:\/\/starcard.md\/","sameAs":["https:\/\/www.facebook.com\/VictoriabankMD\/","https:\/\/www.instagram.com\/victoriabank.md\/?hl=en","https:\/\/www.linkedin.com\/company\/victoriabank","https:\/\/www.youtube.com\/user\/VictoriaBankMoldova","https:\/\/twitter.com\/victoriabankmd"],"logo":{"@type":"ImageObject","@id":"https:\/\/starcard.md\/#logo","inLanguage":"ru-RU","url":"https:\/\/starcard.md\/wp-content\/uploads\/2020\/08\/VB-cmyk-01.png","contentUrl":"https:\/\/starcard.md\/wp-content\/uploads\/2020\/08\/VB-cmyk-01.png","width":2091,"height":486,"caption":"B.C. Victoriabank S.A."},"image":{"@id":"https:\/\/starcard.md\/#logo"}},{"@type":"WebSite","@id":"https:\/\/starcard.md\/#website","url":"https:\/\/starcard.md\/","name":"STAR Card","description":"Cardul t\u0103u de cump\u0103r\u0103turi","publisher":{"@id":"https:\/\/starcard.md\/#organization"},"potentialAction":[{"@type":"SearchAction","target":{"@type":"EntryPoint","urlTemplate":"https:\/\/starcard.md\/?s={search_term_string}"},"query-input":"required name=search_term_string"}],"inLanguage":"ru-RU"},{"@type":"WebPage","@id":"https:\/\/starcard.md\/ru\/%d0%bf%d0%be%d0%bb%d0%b8%d1%82%d0%b8%d0%ba%d0%b0-cookies\/#webpage","url":"https:\/\/starcard.md\/ru\/%d0%bf%d0%be%d0%bb%d0%b8%d1%82%d0%b8%d0%ba%d0%b0-cookies\/","name":"\u041f\u043e\u043b\u0438\u0442\u0438\u043a\u0430 Cookies &ndash; STAR Card","isPartOf":{"@id":"https:\/\/starcard.md\/#website"},"datePublished":"2020-03-26T12:56:28+00:00","dateModified":"2020-11-20T07:54:50+00:00","breadcrumb":{"@id":"https:\/\/starcard.md\/ru\/%d0%bf%d0%be%d0%bb%d0%b8%d1%82%d0%b8%d0%ba%d0%b0-cookies\/#breadcrumb"},"inLanguage":"ru-RU","potentialAction":[{"@type":"ReadAction","target":["https:\/\/starcard.md\/ru\/%d0%bf%d0%be%d0%bb%d0%b8%d1%82%d0%b8%d0%ba%d0%b0-cookies\/"]}]},{"@type":"BreadcrumbList","@id":"https:\/\/starcard.md\/ru\/%d0%bf%d0%be%d0%bb%d0%b8%d1%82%d0%b8%d0%ba%d0%b0-cookies\/#breadcrumb","itemListElement":[{"@type":"ListItem","position":1,"name":"Prima pagin\u0103","item":"https:\/\/starcard.md\/"},{"@type":"ListItem","position":2,"name":"\u041f\u043e\u043b\u0438\u0442\u0438\u043a\u0430 Cookies"}]}]}},"_links":{"self":[{"href":"https:\/\/starcard.md\/ru\/wp-json\/wp\/v2\/pages\/1924"}],"collection":[{"href":"https:\/\/starcard.md\/ru\/wp-json\/wp\/v2\/pages"}],"about":[{"href":"https:\/\/starcard.md\/ru\/wp-json\/wp\/v2\/types\/page"}],"author":[{"embeddable":true,"href":"https:\/\/starcard.md\/ru\/wp-json\/wp\/v2\/users\/3"}],"replies":[{"embeddable":true,"href":"https:\/\/starcard.md\/ru\/wp-json\/wp\/v2\/comments?post=1924"}],"version-history":[{"count":2,"href":"https:\/\/starcard.md\/ru\/wp-json\/wp\/v2\/pages\/1924\/revisions"}],"predecessor-version":[{"id":6052,"href":"https:\/\/starcard.md\/ru\/wp-json\/wp\/v2\/pages\/1924\/revisions\/6052"}],"wp:attachment":[{"href":"https:\/\/starcard.md\/ru\/wp-json\/wp\/v2\/media?parent=1924"}],"curies":[{"name":"wp","href":"https:\/\/api.w.org\/{rel}","templated":true}]}}