{"id":1932,"date":"2020-03-26T15:59:25","date_gmt":"2020-03-26T13:59:25","guid":{"rendered":"http:\/\/starcard.md\/terms-and-conditions\/"},"modified":"2020-11-20T09:47:32","modified_gmt":"2020-11-20T07:47:32","slug":"terms-and-conditions","status":"publish","type":"page","link":"https:\/\/starcard.md\/en\/terms-and-conditions\/","title":{"rendered":"Terms and conditions"},"content":{"rendered":"\n<p style=\"font-size:23px\"><strong>Termeni \u0219i condi\u021bii<\/strong><\/p>\n\n<p><strong><em>Informa\u021bii generale.<\/em><\/strong><\/p>\n\n<p>Acest site este\r\ndezvoltat de B.C. Victoriabank S.A. ca surs\u0103 de informare. Prin accesarea\r\nsite-ului starcard.md, Dvs. confirma\u021bi c\u0103 a\u021bi citit, a\u021bi \u00een\u021beles \u0219i accepta\u021bi\r\nurm\u0103torii termeni \u0219i condi\u021bii:<\/p>\n\n<p>Acest site este proprietate a Victoriabank (numit\u0103 \u00een continuare Victoriabank, Banc\u0103), num\u0103r de identificare de stat 1002600001338, cu sediul \u00een mun. Chi\u0219in\u0103u, str. 31 August 1989, 141.<\/p>\n\n<p>B.C. Victorianbank\r\nS.A. de\u021bine drepturile de proprietate intelectual\u0103 conform legii Legea nr. 139\r\ndin 02.07.2010 privind dreptul de autor \u0219i drepturile conexe, privind m\u0103rcile\r\ncomerciale, logo-urile \u0219i toate celelalte materiale publicate pe site sau p\u0103r\u021bi\r\ncomponente ale acestuia: imagini \u0219i fotografii, texte, simboluri, elemente de\r\ngrafic\u0103 web, scripturi, aplica\u021bii software \u0219i alte date. Este interzis\u0103\r\npublicarea, reproducerea sau publicarea con\u021binutului acestui site f\u0103r\u0103 acordul\r\nscris al Victoriabank.<\/p>\n\n<p>Victoriabank \u00ee\u0219i\r\nrezerv\u0103 dreptul de a modifica termenii \u0219i condi\u021bii, politica cookies, mesajul\r\nprivind protec\u021bia datelor cu caracter personal, con\u021binutul \u0219i\/sau structura\r\nsite-ului \u00een orice moment \u0219i f\u0103r\u0103 nici o informare prealabil\u0103.<\/p>\n\n<p><strong><em>Limit\u0103ri \u0219i\r\nresponsabilitate.<\/em><\/strong><\/p>\n\n<p>Victoriabank\r\neste scutit de orice r\u0103spundere \u00een cazul unor eventuale erori sau inexactit\u0103\u021bi\r\ndin con\u021binutul informa\u021biei publicate datorit\u0103 unor cauze ce nu \u00eei pot fi\r\nimpuse. Victoriabank nu este responsabil de con\u021binutul, caracterul complet,\r\nveridicitatea si actualitatea informa\u021biilor publicate pe website, ce duc la\r\nter\u021be surse. Victoriabank nu poate garanta sau controla actualitatea \u0219i\r\nexactitatea informa\u021biilor prezente pe site-urile unor ter\u021bi, la care se face\r\ntrimitere de pe site-ul B\u0103ncii.<\/p>\n\n<p>Victoriabank nu\r\ngaranteaz\u0103 c\u0103 informa\u021biile care apar pe acest site nu con\u021bin erori, cu toate c\u0103\r\ndepune toate eforturile pentru a transmite informa\u021bii actualizate \u0219i exacte.<\/p>\n\n<p>Victoriabank nu\r\npoate fi responsabil legal pentru nici un fel de daune, pagube sau pierderi\r\nproduse utilizatorului site-ului cauzate de informa\u021bii eronate, omise,\r\ndefec\u021biuni tehnice, viru\u0219i informatice sau altor factori. Informa\u021biile se pot\r\nmodifica \u00een orice moment \u0219i nu\u00a0 se poate\r\nacorda nici o garan\u021bie cu privire la acurate\u021bea, caracterul complet sau actual\r\nal informa\u021biilor furnizate. <\/p>\n\n<p>Victoriabank nu \u00ee\u0219i asum\u0103 responsabilitatea pentru imposibilitatea de a se conforma obliga\u021biilor prev\u0103zute \u00een aceste termeni \u0219i condi\u021bii, ca rezultat al oric\u0103rei cauze aflate \u00een afara controlului s\u0103u.<\/p>\n\n<p>Drepturile \u0219i obliga\u021biile\r\nutilizatorilor site-ului cat \u0219i ale Victoriabank S.A. prev\u0103zute prin prezentul\r\ndocument vor fi interpretate \u0219i guvernate \u00een conformitate cu legisla\u021bia Republicii\r\nMoldova. Daca ave\u021bi \u00eentreb\u0103ri cu privire la aceste men\u021biuni, v\u0103 rug\u0103m s\u0103 ne contacta\u021bi\r\npe adresa email <a href=\"mailto:office@vb.md\">office@vb.md<\/a>.<\/p>\n\n<p>Reclama\u021biile\r\nprivind func\u021bionareasite-ului starcard.md sau acurate\u021bea datelor cuprinse pot\r\nfi trimise pe adresa de email <a href=\"mailto:feedback@vb.md\">feedback@vb.md<\/a>.<\/p>\n\n<p><strong><em>Date bancare.<\/em><\/strong><\/p>\n\n<p>B.C. VICTORIABANK\r\nS.A.<\/p>\n\n<p>Adresa: MD-2004,\r\nRepublica Moldova, mun. Chi\u0219in\u0103u, str. 31 August 1989, nr. 141<\/p>\n\n<p>Cod fiscal:\r\n1002600001338<\/p>\n\n<p>Cont corespondent:\r\n35216701 \u00een CD al BNM<\/p>\n\n<p>Cod bancar\r\n(SWIFT): VICBMD2X<\/p>\n\n<p>Cod TVA: 0500379<\/p>\n\n<p><\/p>\n","protected":false},"excerpt":{"rendered":"<p>Termeni \u0219i condi\u021bii Informa\u021bii generale. Acest site este dezvoltat de B.C. Victoriabank S.A. ca surs\u0103 de informare. Prin accesarea site-ului starcard.md, Dvs. confirma\u021bi c\u0103 a\u021bi citit, a\u021bi \u00een\u021beles \u0219i accepta\u021bi urm\u0103torii termeni \u0219i condi\u021bii: Acest site este proprietate a Victoriabank (numit\u0103 \u00een continuare Victoriabank, Banc\u0103), num\u0103r de identificare de stat 1002600001338, cu sediul \u00een mun. [&hellip;]<\/p>\n","protected":false},"author":3,"featured_media":0,"parent":0,"menu_order":0,"comment_status":"closed","ping_status":"closed","template":"","meta":[],"yoast_head":"<!-- This site is optimized with the Yoast SEO plugin v18.6 - https:\/\/yoast.com\/wordpress\/plugins\/seo\/ -->\n<title>Terms and conditions &ndash; STAR Card<\/title>\n<meta name=\"robots\" content=\"index, follow, max-snippet:-1, max-image-preview:large, max-video-preview:-1\" \/>\n<link rel=\"canonical\" href=\"https:\/\/starcard.md\/en\/terms-and-conditions\/\" \/>\n<meta property=\"og:locale\" content=\"en_US\" \/>\n<meta property=\"og:type\" content=\"article\" \/>\n<meta property=\"og:title\" content=\"Terms and conditions &ndash; STAR Card\" \/>\n<meta property=\"og:description\" content=\"Termeni \u0219i condi\u021bii Informa\u021bii generale. Acest site este dezvoltat de B.C. Victoriabank S.A. ca surs\u0103 de informare. Prin accesarea site-ului starcard.md, Dvs. confirma\u021bi c\u0103 a\u021bi citit, a\u021bi \u00een\u021beles \u0219i accepta\u021bi urm\u0103torii termeni \u0219i condi\u021bii: Acest site este proprietate a Victoriabank (numit\u0103 \u00een continuare Victoriabank, Banc\u0103), num\u0103r de identificare de stat 1002600001338, cu sediul \u00een mun. [&hellip;]\" \/>\n<meta property=\"og:url\" content=\"https:\/\/starcard.md\/en\/terms-and-conditions\/\" \/>\n<meta property=\"og:site_name\" content=\"STAR Card\" \/>\n<meta property=\"article:publisher\" content=\"https:\/\/www.facebook.com\/VictoriabankMD\/\" \/>\n<meta property=\"article:modified_time\" content=\"2020-11-20T07:47:32+00:00\" \/>\n<meta name=\"twitter:card\" content=\"summary_large_image\" \/>\n<meta name=\"twitter:site\" content=\"@victoriabankmd\" \/>\n<meta name=\"twitter:label1\" content=\"Est. reading time\" \/>\n\t<meta name=\"twitter:data1\" content=\"3 minutes\" \/>\n<script type=\"application\/ld+json\" class=\"yoast-schema-graph\">{\"@context\":\"https:\/\/schema.org\",\"@graph\":[{\"@type\":\"Organization\",\"@id\":\"https:\/\/starcard.md\/#organization\",\"name\":\"B.C. Victoriabank S.A.\",\"url\":\"https:\/\/starcard.md\/\",\"sameAs\":[\"https:\/\/www.facebook.com\/VictoriabankMD\/\",\"https:\/\/www.instagram.com\/victoriabank.md\/?hl=en\",\"https:\/\/www.linkedin.com\/company\/victoriabank\",\"https:\/\/www.youtube.com\/user\/VictoriaBankMoldova\",\"https:\/\/twitter.com\/victoriabankmd\"],\"logo\":{\"@type\":\"ImageObject\",\"@id\":\"https:\/\/starcard.md\/#logo\",\"inLanguage\":\"en-US\",\"url\":\"https:\/\/starcard.md\/wp-content\/uploads\/2020\/08\/VB-cmyk-01.png\",\"contentUrl\":\"https:\/\/starcard.md\/wp-content\/uploads\/2020\/08\/VB-cmyk-01.png\",\"width\":2091,\"height\":486,\"caption\":\"B.C. Victoriabank S.A.\"},\"image\":{\"@id\":\"https:\/\/starcard.md\/#logo\"}},{\"@type\":\"WebSite\",\"@id\":\"https:\/\/starcard.md\/#website\",\"url\":\"https:\/\/starcard.md\/\",\"name\":\"STAR Card\",\"description\":\"Cardul t\u0103u de cump\u0103r\u0103turi\",\"publisher\":{\"@id\":\"https:\/\/starcard.md\/#organization\"},\"potentialAction\":[{\"@type\":\"SearchAction\",\"target\":{\"@type\":\"EntryPoint\",\"urlTemplate\":\"https:\/\/starcard.md\/?s={search_term_string}\"},\"query-input\":\"required name=search_term_string\"}],\"inLanguage\":\"en-US\"},{\"@type\":\"WebPage\",\"@id\":\"https:\/\/starcard.md\/en\/terms-and-conditions\/#webpage\",\"url\":\"https:\/\/starcard.md\/en\/terms-and-conditions\/\",\"name\":\"Terms and conditions &ndash; STAR Card\",\"isPartOf\":{\"@id\":\"https:\/\/starcard.md\/#website\"},\"datePublished\":\"2020-03-26T13:59:25+00:00\",\"dateModified\":\"2020-11-20T07:47:32+00:00\",\"breadcrumb\":{\"@id\":\"https:\/\/starcard.md\/en\/terms-and-conditions\/#breadcrumb\"},\"inLanguage\":\"en-US\",\"potentialAction\":[{\"@type\":\"ReadAction\",\"target\":[\"https:\/\/starcard.md\/en\/terms-and-conditions\/\"]}]},{\"@type\":\"BreadcrumbList\",\"@id\":\"https:\/\/starcard.md\/en\/terms-and-conditions\/#breadcrumb\",\"itemListElement\":[{\"@type\":\"ListItem\",\"position\":1,\"name\":\"Prima pagin\u0103\",\"item\":\"https:\/\/starcard.md\/en\/\"},{\"@type\":\"ListItem\",\"position\":2,\"name\":\"Terms and conditions\"}]}]}<\/script>\n<!-- \/ Yoast SEO plugin. -->","yoast_head_json":{"title":"Terms and conditions &ndash; STAR Card","robots":{"index":"index","follow":"follow","max-snippet":"max-snippet:-1","max-image-preview":"max-image-preview:large","max-video-preview":"max-video-preview:-1"},"canonical":"https:\/\/starcard.md\/en\/terms-and-conditions\/","og_locale":"en_US","og_type":"article","og_title":"Terms and conditions &ndash; STAR Card","og_description":"Termeni \u0219i condi\u021bii Informa\u021bii generale. Acest site este dezvoltat de B.C. Victoriabank S.A. ca surs\u0103 de informare. Prin accesarea site-ului starcard.md, Dvs. confirma\u021bi c\u0103 a\u021bi citit, a\u021bi \u00een\u021beles \u0219i accepta\u021bi urm\u0103torii termeni \u0219i condi\u021bii: Acest site este proprietate a Victoriabank (numit\u0103 \u00een continuare Victoriabank, Banc\u0103), num\u0103r de identificare de stat 1002600001338, cu sediul \u00een mun. [&hellip;]","og_url":"https:\/\/starcard.md\/en\/terms-and-conditions\/","og_site_name":"STAR Card","article_publisher":"https:\/\/www.facebook.com\/VictoriabankMD\/","article_modified_time":"2020-11-20T07:47:32+00:00","twitter_card":"summary_large_image","twitter_site":"@victoriabankmd","twitter_misc":{"Est. reading time":"3 minutes"},"schema":{"@context":"https:\/\/schema.org","@graph":[{"@type":"Organization","@id":"https:\/\/starcard.md\/#organization","name":"B.C. Victoriabank S.A.","url":"https:\/\/starcard.md\/","sameAs":["https:\/\/www.facebook.com\/VictoriabankMD\/","https:\/\/www.instagram.com\/victoriabank.md\/?hl=en","https:\/\/www.linkedin.com\/company\/victoriabank","https:\/\/www.youtube.com\/user\/VictoriaBankMoldova","https:\/\/twitter.com\/victoriabankmd"],"logo":{"@type":"ImageObject","@id":"https:\/\/starcard.md\/#logo","inLanguage":"en-US","url":"https:\/\/starcard.md\/wp-content\/uploads\/2020\/08\/VB-cmyk-01.png","contentUrl":"https:\/\/starcard.md\/wp-content\/uploads\/2020\/08\/VB-cmyk-01.png","width":2091,"height":486,"caption":"B.C. Victoriabank S.A."},"image":{"@id":"https:\/\/starcard.md\/#logo"}},{"@type":"WebSite","@id":"https:\/\/starcard.md\/#website","url":"https:\/\/starcard.md\/","name":"STAR Card","description":"Cardul t\u0103u de cump\u0103r\u0103turi","publisher":{"@id":"https:\/\/starcard.md\/#organization"},"potentialAction":[{"@type":"SearchAction","target":{"@type":"EntryPoint","urlTemplate":"https:\/\/starcard.md\/?s={search_term_string}"},"query-input":"required name=search_term_string"}],"inLanguage":"en-US"},{"@type":"WebPage","@id":"https:\/\/starcard.md\/en\/terms-and-conditions\/#webpage","url":"https:\/\/starcard.md\/en\/terms-and-conditions\/","name":"Terms and conditions &ndash; STAR Card","isPartOf":{"@id":"https:\/\/starcard.md\/#website"},"datePublished":"2020-03-26T13:59:25+00:00","dateModified":"2020-11-20T07:47:32+00:00","breadcrumb":{"@id":"https:\/\/starcard.md\/en\/terms-and-conditions\/#breadcrumb"},"inLanguage":"en-US","potentialAction":[{"@type":"ReadAction","target":["https:\/\/starcard.md\/en\/terms-and-conditions\/"]}]},{"@type":"BreadcrumbList","@id":"https:\/\/starcard.md\/en\/terms-and-conditions\/#breadcrumb","itemListElement":[{"@type":"ListItem","position":1,"name":"Prima pagin\u0103","item":"https:\/\/starcard.md\/en\/"},{"@type":"ListItem","position":2,"name":"Terms and conditions"}]}]}},"_links":{"self":[{"href":"https:\/\/starcard.md\/en\/wp-json\/wp\/v2\/pages\/1932"}],"collection":[{"href":"https:\/\/starcard.md\/en\/wp-json\/wp\/v2\/pages"}],"about":[{"href":"https:\/\/starcard.md\/en\/wp-json\/wp\/v2\/types\/page"}],"author":[{"embeddable":true,"href":"https:\/\/starcard.md\/en\/wp-json\/wp\/v2\/users\/3"}],"replies":[{"embeddable":true,"href":"https:\/\/starcard.md\/en\/wp-json\/wp\/v2\/comments?post=1932"}],"version-history":[{"count":2,"href":"https:\/\/starcard.md\/en\/wp-json\/wp\/v2\/pages\/1932\/revisions"}],"predecessor-version":[{"id":6045,"href":"https:\/\/starcard.md\/en\/wp-json\/wp\/v2\/pages\/1932\/revisions\/6045"}],"wp:attachment":[{"href":"https:\/\/starcard.md\/en\/wp-json\/wp\/v2\/media?parent=1932"}],"curies":[{"name":"wp","href":"https:\/\/api.w.org\/{rel}","templated":true}]}}