{"id":1836,"date":"2020-03-24T23:08:33","date_gmt":"2020-03-24T21:08:33","guid":{"rendered":"http:\/\/starcard.md\/contacts\/"},"modified":"2025-04-01T14:17:57","modified_gmt":"2025-04-01T12:17:57","slug":"contacts","status":"publish","type":"page","link":"https:\/\/starcard.md\/en\/contacts\/","title":{"rendered":"Contacts"},"content":{"rendered":"\t\t<div data-elementor-type=\"wp-page\" data-elementor-id=\"1836\" class=\"elementor elementor-1836 elementor-461\">\n\t\t\t\t\t\t<div class=\"elementor-inner\">\n\t\t\t\t<div class=\"elementor-section-wrap\">\n\t\t\t\t\t\t\t\t\t<section class=\"elementor-section elementor-top-section elementor-element elementor-element-642dca0 elementor-section-height-full elementor-section-content-middle elementor-section-boxed elementor-section-height-default elementor-section-items-middle\" data-id=\"642dca0\" data-element_type=\"section\" data-settings=\"{&quot;background_background&quot;:&quot;classic&quot;,&quot;background_motion_fx_motion_fx_mouse&quot;:&quot;yes&quot;,&quot;background_motion_fx_mouseTrack_effect&quot;:&quot;yes&quot;,&quot;background_motion_fx_mouseTrack_speed&quot;:{&quot;unit&quot;:&quot;px&quot;,&quot;size&quot;:0.10000000000000001,&quot;sizes&quot;:[]}}\">\n\t\t\t\t\t\t\t<div class=\"elementor-background-overlay\"><\/div>\n\t\t\t\t\t\t\t<div class=\"elementor-container elementor-column-gap-no\">\n\t\t\t\t\t\t\t<div class=\"elementor-row\">\n\t\t\t\t\t<div class=\"elementor-column elementor-col-100 elementor-top-column elementor-element elementor-element-2349caa\" data-id=\"2349caa\" data-element_type=\"column\" data-settings=\"{&quot;background_background&quot;:&quot;classic&quot;}\">\n\t\t\t<div class=\"elementor-column-wrap elementor-element-populated\">\n\t\t\t\t\t\t\t<div class=\"elementor-widget-wrap\">\n\t\t\t\t\t\t<div class=\"elementor-element elementor-element-1ee24dec elementor-widget elementor-widget-heading\" data-id=\"1ee24dec\" data-element_type=\"widget\" data-widget_type=\"heading.default\">\n\t\t\t\t<div class=\"elementor-widget-container\">\n\t\t\t<h2 class=\"elementor-heading-title elementor-size-default\"><b>B.C. Victoriabank S.A.<\/b><\/h2>\t\t<\/div>\n\t\t\t\t<\/div>\n\t\t\t\t<section class=\"elementor-section elementor-inner-section elementor-element elementor-element-6253b4c6 elementor-section-boxed elementor-section-height-default elementor-section-height-default\" data-id=\"6253b4c6\" data-element_type=\"section\">\n\t\t\t\t\t\t<div class=\"elementor-container elementor-column-gap-default\">\n\t\t\t\t\t\t\t<div class=\"elementor-row\">\n\t\t\t\t\t<div class=\"elementor-column elementor-col-50 elementor-inner-column elementor-element elementor-element-6418b97e\" data-id=\"6418b97e\" data-element_type=\"column\">\n\t\t\t<div class=\"elementor-column-wrap elementor-element-populated\">\n\t\t\t\t\t\t\t<div class=\"elementor-widget-wrap\">\n\t\t\t\t\t\t<div class=\"elementor-element elementor-element-6e34a984 elementor-widget elementor-widget-heading\" data-id=\"6e34a984\" data-element_type=\"widget\" data-widget_type=\"heading.default\">\n\t\t\t\t<div class=\"elementor-widget-container\">\n\t\t\t<div class=\"elementor-heading-title elementor-size-default\">Central Office<\/div>\t\t<\/div>\n\t\t\t\t<\/div>\n\t\t\t\t<div class=\"elementor-element elementor-element-737a5352 elementor-widget elementor-widget-text-editor\" data-id=\"737a5352\" data-element_type=\"widget\" data-widget_type=\"text-editor.default\">\n\t\t\t\t<div class=\"elementor-widget-container\">\n\t\t\t\t\t\t\t\t<div class=\"elementor-text-editor elementor-clearfix\">\n\t\t\t\t<p><span style=\"color: #000000; display: block;\">str. 31 August 1989, nr. 141, Chi\u0219in\u0103u, Moldova<\/span><\/p>\t\t\t\t\t<\/div>\n\t\t\t\t\t\t<\/div>\n\t\t\t\t<\/div>\n\t\t\t\t<div class=\"elementor-element elementor-element-4d215fba elementor-widget elementor-widget-heading\" data-id=\"4d215fba\" data-element_type=\"widget\" data-widget_type=\"heading.default\">\n\t\t\t\t<div class=\"elementor-widget-container\">\n\t\t\t<div class=\"elementor-heading-title elementor-size-default\"> Work program<\/div>\t\t<\/div>\n\t\t\t\t<\/div>\n\t\t\t\t<div class=\"elementor-element elementor-element-445a041b elementor-widget elementor-widget-text-editor\" data-id=\"445a041b\" data-element_type=\"widget\" data-widget_type=\"text-editor.default\">\n\t\t\t\t<div class=\"elementor-widget-container\">\n\t\t\t\t\t\t\t\t<div class=\"elementor-text-editor elementor-clearfix\">\n\t\t\t\t<ul style=\"list-style: none; margin: 0; padding: 0;\"><li style=\"text-align: left;\">Mo-Fr 09:00 &#8211; 17:00<\/li><\/ul>\t\t\t\t\t<\/div>\n\t\t\t\t\t\t<\/div>\n\t\t\t\t<\/div>\n\t\t\t\t<div class=\"elementor-element elementor-element-23d78aaf elementor-widget elementor-widget-heading\" data-id=\"23d78aaf\" data-element_type=\"widget\" data-widget_type=\"heading.default\">\n\t\t\t\t<div class=\"elementor-widget-container\">\n\t\t\t<div class=\"elementor-heading-title elementor-size-default\"> Follow us<\/div>\t\t<\/div>\n\t\t\t\t<\/div>\n\t\t\t\t<div class=\"elementor-element elementor-element-441aa4fc e-grid-align-left elementor-shape-rounded elementor-grid-0 elementor-widget elementor-widget-social-icons\" data-id=\"441aa4fc\" data-element_type=\"widget\" data-widget_type=\"social-icons.default\">\n\t\t\t\t<div class=\"elementor-widget-container\">\n\t\t\t\t\t<div class=\"elementor-social-icons-wrapper elementor-grid\">\n\t\t\t\t\t\t\t<span class=\"elementor-grid-item\">\n\t\t\t\t\t<a class=\"elementor-icon elementor-social-icon elementor-social-icon-facebook-f elementor-animation-grow elementor-repeater-item-2d0da0c\" href=\"https:\/\/facebook.com\/VictoriabankMD\/\" target=\"_blank\">\n\t\t\t\t\t\t<span class=\"elementor-screen-only\">Facebook-f<\/span>\n\t\t\t\t\t\t<i class=\"fab fa-facebook-f\"><\/i>\t\t\t\t\t<\/a>\n\t\t\t\t<\/span>\n\t\t\t\t\t\t\t<span class=\"elementor-grid-item\">\n\t\t\t\t\t<a class=\"elementor-icon elementor-social-icon elementor-social-icon-twitter elementor-animation-grow elementor-repeater-item-914746e\" href=\"https:\/\/twitter.com\/victoriabankmd\" target=\"_blank\">\n\t\t\t\t\t\t<span class=\"elementor-screen-only\">Twitter<\/span>\n\t\t\t\t\t\t<i class=\"fab fa-twitter\"><\/i>\t\t\t\t\t<\/a>\n\t\t\t\t<\/span>\n\t\t\t\t\t\t\t<span class=\"elementor-grid-item\">\n\t\t\t\t\t<a class=\"elementor-icon elementor-social-icon elementor-social-icon-linkedin elementor-animation-grow elementor-repeater-item-b6effed\" href=\"https:\/\/linkedin.com\/company\/victoriabank\/\" target=\"_blank\">\n\t\t\t\t\t\t<span class=\"elementor-screen-only\">Linkedin<\/span>\n\t\t\t\t\t\t<i class=\"fab fa-linkedin\"><\/i>\t\t\t\t\t<\/a>\n\t\t\t\t<\/span>\n\t\t\t\t\t\t\t<span class=\"elementor-grid-item\">\n\t\t\t\t\t<a class=\"elementor-icon elementor-social-icon elementor-social-icon-youtube elementor-animation-grow elementor-repeater-item-d138417\" href=\"https:\/\/youtube.com\/user\/VictoriaBankMoldova\" target=\"_blank\">\n\t\t\t\t\t\t<span class=\"elementor-screen-only\">Youtube<\/span>\n\t\t\t\t\t\t<i class=\"fab fa-youtube\"><\/i>\t\t\t\t\t<\/a>\n\t\t\t\t<\/span>\n\t\t\t\t\t\t\t<span class=\"elementor-grid-item\">\n\t\t\t\t\t<a class=\"elementor-icon elementor-social-icon elementor-social-icon-instagram elementor-animation-grow elementor-repeater-item-1570745\" href=\"https:\/\/www.instagram.com\/victoriabank.md\/\" target=\"_blank\">\n\t\t\t\t\t\t<span class=\"elementor-screen-only\">Instagram<\/span>\n\t\t\t\t\t\t<i class=\"fab fa-instagram\"><\/i>\t\t\t\t\t<\/a>\n\t\t\t\t<\/span>\n\t\t\t\t\t<\/div>\n\t\t\t\t<\/div>\n\t\t\t\t<\/div>\n\t\t\t\t\t\t<\/div>\n\t\t\t\t\t<\/div>\n\t\t<\/div>\n\t\t\t\t<div class=\"elementor-column elementor-col-50 elementor-inner-column elementor-element elementor-element-603680cc\" data-id=\"603680cc\" data-element_type=\"column\">\n\t\t\t<div class=\"elementor-column-wrap elementor-element-populated\">\n\t\t\t\t\t\t\t<div class=\"elementor-widget-wrap\">\n\t\t\t\t\t\t<div class=\"elementor-element elementor-element-4a2da5ef elementor-widget elementor-widget-heading\" data-id=\"4a2da5ef\" data-element_type=\"widget\" data-widget_type=\"heading.default\">\n\t\t\t\t<div class=\"elementor-widget-container\">\n\t\t\t<div class=\"elementor-heading-title elementor-size-default\">Serviciul Suport Clien\u021bi<\/div>\t\t<\/div>\n\t\t\t\t<\/div>\n\t\t\t\t<div class=\"elementor-element elementor-element-69d022b6 elementor-widget elementor-widget-text-editor\" data-id=\"69d022b6\" data-element_type=\"widget\" data-widget_type=\"text-editor.default\">\n\t\t\t\t<div class=\"elementor-widget-container\">\n\t\t\t\t\t\t\t\t<div class=\"elementor-text-editor elementor-clearfix\">\n\t\t\t\t<p><a class=\"d-block\" href=\"tel:1303\"><i class=\"fa fa-phone-square\"><\/i>\u00a01303<\/a><a href=\"tel:+37322210303\"><i class=\"fa fa-phone-square\"><\/i> 022 21 03 03\u00a0<\/a>for calling from abroad<\/p><p><span style=\"text-decoration: underline;\"><span style=\"color: #000000;\"><a style=\"color: #000000; text-decoration: underline;\" href=\"https:\/\/www.victoriabank.md\/contacte\/retea-unitati\/\" target=\"_blank\" rel=\"noopener\">Victoriabank&#8217;s entities\u00a0<\/a><\/span><\/span><\/p>\t\t\t\t\t<\/div>\n\t\t\t\t\t\t<\/div>\n\t\t\t\t<\/div>\n\t\t\t\t<div class=\"elementor-element elementor-element-48a72db elementor-widget elementor-widget-heading\" data-id=\"48a72db\" data-element_type=\"widget\" data-widget_type=\"heading.default\">\n\t\t\t\t<div class=\"elementor-widget-container\">\n\t\t\t<div class=\"elementor-heading-title elementor-size-default\">For partners<\/div>\t\t<\/div>\n\t\t\t\t<\/div>\n\t\t\t\t<div class=\"elementor-element elementor-element-1c305ced elementor-widget elementor-widget-text-editor\" data-id=\"1c305ced\" data-element_type=\"widget\" data-widget_type=\"text-editor.default\">\n\t\t\t\t<div class=\"elementor-widget-container\">\n\t\t\t\t\t\t\t\t<div class=\"elementor-text-editor elementor-clearfix\">\n\t\t\t\t<ul style=\"list-style: none; margin: 0; padding: 0;\">\n \t<li style=\"list-style-type: none;\">\n<ul style=\"list-style: none; margin: 0; padding: 0;\">\n \t<li style=\"text-align: left;\"><i class=\"fa fa-envelope\"><a href=\"mailto:starcard@vb.md\"> starcard@vb.md<\/a><\/i><\/li>\n<\/ul>\n<\/li>\n<\/ul>\n<a class=\"d-block\" href=\"tel:+37360062606\"><strong><i class=\"fa fa-phone-square\"><\/i> +373 60 062 606<\/strong><\/a>\n<a class=\"d-block\" href=\"tel:+37368605077\"><strong> <i class=\"fa fa-phone-square\"><\/i> +373 68 605 077<\/strong><\/a>\n\n<a class=\"d-block\" href=\"tel:+37369795440\"><strong> <i class=\"fa fa-phone-square\"><\/i> +373 69 795 440<\/strong><\/a>\n<a class=\"d-block\" href=\"tel:+37360062655\"><strong> <i class=\"fa fa-phone-square\"><\/i> +373 60 062 655<\/strong><\/a>\t\t\t\t\t<\/div>\n\t\t\t\t\t\t<\/div>\n\t\t\t\t<\/div>\n\t\t\t\t\t\t<\/div>\n\t\t\t\t\t<\/div>\n\t\t<\/div>\n\t\t\t\t\t\t\t\t<\/div>\n\t\t\t\t\t<\/div>\n\t\t<\/section>\n\t\t\t\t\t\t<\/div>\n\t\t\t\t\t<\/div>\n\t\t<\/div>\n\t\t\t\t\t\t\t\t<\/div>\n\t\t\t\t\t<\/div>\n\t\t<\/section>\n\t\t\t\t\t\t\t\t\t<\/div>\n\t\t\t<\/div>\n\t\t\t\t\t<\/div>\n\t\t","protected":false},"excerpt":{"rendered":"<p>B.C. Victoriabank S.A. Central Office str. 31 August 1989, nr. 141, Chi\u0219in\u0103u, Moldova Work program Mo-Fr 09:00 &#8211; 17:00 Follow us Facebook-f Twitter Linkedin Youtube Instagram Serviciul Suport Clien\u021bi \u00a01303 022 21 03 03\u00a0for calling from abroad Victoriabank&#8217;s entities\u00a0 For partners starcard@vb.md +373 60 062 606 +373 68 605 077 +373 69 795 440 +373 [&hellip;]<\/p>\n","protected":false},"author":3,"featured_media":0,"parent":0,"menu_order":0,"comment_status":"closed","ping_status":"closed","template":"elementor_header_footer","meta":[],"yoast_head":"<!-- This site is optimized with the Yoast SEO plugin v18.6 - https:\/\/yoast.com\/wordpress\/plugins\/seo\/ -->\n<title>Contacts &ndash; STAR Card<\/title>\n<meta name=\"robots\" content=\"index, follow, max-snippet:-1, max-image-preview:large, max-video-preview:-1\" \/>\n<link rel=\"canonical\" href=\"https:\/\/starcard.md\/en\/contacts\/\" \/>\n<meta property=\"og:locale\" content=\"en_US\" \/>\n<meta property=\"og:type\" content=\"article\" \/>\n<meta property=\"og:title\" content=\"Contacts &ndash; STAR Card\" \/>\n<meta property=\"og:description\" content=\"B.C. Victoriabank S.A. Central Office str. 31 August 1989, nr. 141, Chi\u0219in\u0103u, Moldova Work program Mo-Fr 09:00 &#8211; 17:00 Follow us Facebook-f Twitter Linkedin Youtube Instagram Serviciul Suport Clien\u021bi \u00a01303 022 21 03 03\u00a0for calling from abroad Victoriabank&#8217;s entities\u00a0 For partners starcard@vb.md +373 60 062 606 +373 68 605 077 +373 69 795 440 +373 [&hellip;]\" \/>\n<meta property=\"og:url\" content=\"https:\/\/starcard.md\/en\/contacts\/\" \/>\n<meta property=\"og:site_name\" content=\"STAR Card\" \/>\n<meta property=\"article:publisher\" content=\"https:\/\/www.facebook.com\/VictoriabankMD\/\" \/>\n<meta property=\"article:modified_time\" content=\"2025-04-01T12:17:57+00:00\" \/>\n<meta name=\"twitter:card\" content=\"summary_large_image\" \/>\n<meta name=\"twitter:site\" content=\"@victoriabankmd\" \/>\n<meta name=\"twitter:label1\" content=\"Est. reading time\" \/>\n\t<meta name=\"twitter:data1\" content=\"1 minute\" \/>\n<script type=\"application\/ld+json\" class=\"yoast-schema-graph\">{\"@context\":\"https:\/\/schema.org\",\"@graph\":[{\"@type\":\"Organization\",\"@id\":\"https:\/\/starcard.md\/#organization\",\"name\":\"B.C. Victoriabank S.A.\",\"url\":\"https:\/\/starcard.md\/\",\"sameAs\":[\"https:\/\/www.facebook.com\/VictoriabankMD\/\",\"https:\/\/www.instagram.com\/victoriabank.md\/?hl=en\",\"https:\/\/www.linkedin.com\/company\/victoriabank\",\"https:\/\/www.youtube.com\/user\/VictoriaBankMoldova\",\"https:\/\/twitter.com\/victoriabankmd\"],\"logo\":{\"@type\":\"ImageObject\",\"@id\":\"https:\/\/starcard.md\/#logo\",\"inLanguage\":\"en-US\",\"url\":\"https:\/\/starcard.md\/wp-content\/uploads\/2020\/08\/VB-cmyk-01.png\",\"contentUrl\":\"https:\/\/starcard.md\/wp-content\/uploads\/2020\/08\/VB-cmyk-01.png\",\"width\":2091,\"height\":486,\"caption\":\"B.C. Victoriabank S.A.\"},\"image\":{\"@id\":\"https:\/\/starcard.md\/#logo\"}},{\"@type\":\"WebSite\",\"@id\":\"https:\/\/starcard.md\/#website\",\"url\":\"https:\/\/starcard.md\/\",\"name\":\"STAR Card\",\"description\":\"Cardul t\u0103u de cump\u0103r\u0103turi\",\"publisher\":{\"@id\":\"https:\/\/starcard.md\/#organization\"},\"potentialAction\":[{\"@type\":\"SearchAction\",\"target\":{\"@type\":\"EntryPoint\",\"urlTemplate\":\"https:\/\/starcard.md\/?s={search_term_string}\"},\"query-input\":\"required name=search_term_string\"}],\"inLanguage\":\"en-US\"},{\"@type\":\"WebPage\",\"@id\":\"https:\/\/starcard.md\/en\/contacts\/#webpage\",\"url\":\"https:\/\/starcard.md\/en\/contacts\/\",\"name\":\"Contacts &ndash; STAR Card\",\"isPartOf\":{\"@id\":\"https:\/\/starcard.md\/#website\"},\"datePublished\":\"2020-03-24T21:08:33+00:00\",\"dateModified\":\"2025-04-01T12:17:57+00:00\",\"breadcrumb\":{\"@id\":\"https:\/\/starcard.md\/en\/contacts\/#breadcrumb\"},\"inLanguage\":\"en-US\",\"potentialAction\":[{\"@type\":\"ReadAction\",\"target\":[\"https:\/\/starcard.md\/en\/contacts\/\"]}]},{\"@type\":\"BreadcrumbList\",\"@id\":\"https:\/\/starcard.md\/en\/contacts\/#breadcrumb\",\"itemListElement\":[{\"@type\":\"ListItem\",\"position\":1,\"name\":\"Prima pagin\u0103\",\"item\":\"https:\/\/starcard.md\/\"},{\"@type\":\"ListItem\",\"position\":2,\"name\":\"Contacts\"}]}]}<\/script>\n<!-- \/ Yoast SEO plugin. -->","yoast_head_json":{"title":"Contacts &ndash; STAR Card","robots":{"index":"index","follow":"follow","max-snippet":"max-snippet:-1","max-image-preview":"max-image-preview:large","max-video-preview":"max-video-preview:-1"},"canonical":"https:\/\/starcard.md\/en\/contacts\/","og_locale":"en_US","og_type":"article","og_title":"Contacts &ndash; STAR Card","og_description":"B.C. Victoriabank S.A. Central Office str. 31 August 1989, nr. 141, Chi\u0219in\u0103u, Moldova Work program Mo-Fr 09:00 &#8211; 17:00 Follow us Facebook-f Twitter Linkedin Youtube Instagram Serviciul Suport Clien\u021bi \u00a01303 022 21 03 03\u00a0for calling from abroad Victoriabank&#8217;s entities\u00a0 For partners starcard@vb.md +373 60 062 606 +373 68 605 077 +373 69 795 440 +373 [&hellip;]","og_url":"https:\/\/starcard.md\/en\/contacts\/","og_site_name":"STAR Card","article_publisher":"https:\/\/www.facebook.com\/VictoriabankMD\/","article_modified_time":"2025-04-01T12:17:57+00:00","twitter_card":"summary_large_image","twitter_site":"@victoriabankmd","twitter_misc":{"Est. reading time":"1 minute"},"schema":{"@context":"https:\/\/schema.org","@graph":[{"@type":"Organization","@id":"https:\/\/starcard.md\/#organization","name":"B.C. Victoriabank S.A.","url":"https:\/\/starcard.md\/","sameAs":["https:\/\/www.facebook.com\/VictoriabankMD\/","https:\/\/www.instagram.com\/victoriabank.md\/?hl=en","https:\/\/www.linkedin.com\/company\/victoriabank","https:\/\/www.youtube.com\/user\/VictoriaBankMoldova","https:\/\/twitter.com\/victoriabankmd"],"logo":{"@type":"ImageObject","@id":"https:\/\/starcard.md\/#logo","inLanguage":"en-US","url":"https:\/\/starcard.md\/wp-content\/uploads\/2020\/08\/VB-cmyk-01.png","contentUrl":"https:\/\/starcard.md\/wp-content\/uploads\/2020\/08\/VB-cmyk-01.png","width":2091,"height":486,"caption":"B.C. Victoriabank S.A."},"image":{"@id":"https:\/\/starcard.md\/#logo"}},{"@type":"WebSite","@id":"https:\/\/starcard.md\/#website","url":"https:\/\/starcard.md\/","name":"STAR Card","description":"Cardul t\u0103u de cump\u0103r\u0103turi","publisher":{"@id":"https:\/\/starcard.md\/#organization"},"potentialAction":[{"@type":"SearchAction","target":{"@type":"EntryPoint","urlTemplate":"https:\/\/starcard.md\/?s={search_term_string}"},"query-input":"required name=search_term_string"}],"inLanguage":"en-US"},{"@type":"WebPage","@id":"https:\/\/starcard.md\/en\/contacts\/#webpage","url":"https:\/\/starcard.md\/en\/contacts\/","name":"Contacts &ndash; STAR Card","isPartOf":{"@id":"https:\/\/starcard.md\/#website"},"datePublished":"2020-03-24T21:08:33+00:00","dateModified":"2025-04-01T12:17:57+00:00","breadcrumb":{"@id":"https:\/\/starcard.md\/en\/contacts\/#breadcrumb"},"inLanguage":"en-US","potentialAction":[{"@type":"ReadAction","target":["https:\/\/starcard.md\/en\/contacts\/"]}]},{"@type":"BreadcrumbList","@id":"https:\/\/starcard.md\/en\/contacts\/#breadcrumb","itemListElement":[{"@type":"ListItem","position":1,"name":"Prima pagin\u0103","item":"https:\/\/starcard.md\/"},{"@type":"ListItem","position":2,"name":"Contacts"}]}]}},"_links":{"self":[{"href":"https:\/\/starcard.md\/en\/wp-json\/wp\/v2\/pages\/1836"}],"collection":[{"href":"https:\/\/starcard.md\/en\/wp-json\/wp\/v2\/pages"}],"about":[{"href":"https:\/\/starcard.md\/en\/wp-json\/wp\/v2\/types\/page"}],"author":[{"embeddable":true,"href":"https:\/\/starcard.md\/en\/wp-json\/wp\/v2\/users\/3"}],"replies":[{"embeddable":true,"href":"https:\/\/starcard.md\/en\/wp-json\/wp\/v2\/comments?post=1836"}],"version-history":[{"count":33,"href":"https:\/\/starcard.md\/en\/wp-json\/wp\/v2\/pages\/1836\/revisions"}],"predecessor-version":[{"id":23219,"href":"https:\/\/starcard.md\/en\/wp-json\/wp\/v2\/pages\/1836\/revisions\/23219"}],"wp:attachment":[{"href":"https:\/\/starcard.md\/en\/wp-json\/wp\/v2\/media?parent=1836"}],"curies":[{"name":"wp","href":"https:\/\/api.w.org\/{rel}","templated":true}]}}